{"id":2,"date":"2020-07-17T23:26:11","date_gmt":"2020-07-17T23:26:11","guid":{"rendered":"http:\/\/verwoehnedeinefuesse.de\/?page_id=2"},"modified":"2024-07-15T22:05:46","modified_gmt":"2024-07-15T21:05:46","slug":"therapien","status":"publish","type":"page","link":"https:\/\/verwoehnedeinefuesse.de\/de\/therapien\/","title":{"rendered":"Wellness"},"content":{"rendered":"<p><img loading=\"lazy\" decoding=\"async\" class=\"alignnone size-medium wp-image-453\" src=\"http:\/\/verwoehnedeinefuesse.de\/wp-content\/uploads\/2024\/07\/IMG_20240527_132432-2-300x225.jpg\" alt=\"\" width=\"300\" height=\"225\" srcset=\"https:\/\/verwoehnedeinefuesse.de\/wp-content\/uploads\/2024\/07\/IMG_20240527_132432-2-300x225.jpg 300w, https:\/\/verwoehnedeinefuesse.de\/wp-content\/uploads\/2024\/07\/IMG_20240527_132432-2-1024x768.jpg 1024w, https:\/\/verwoehnedeinefuesse.de\/wp-content\/uploads\/2024\/07\/IMG_20240527_132432-2-768x576.jpg 768w, https:\/\/verwoehnedeinefuesse.de\/wp-content\/uploads\/2024\/07\/IMG_20240527_132432-2-1536x1152.jpg 1536w, https:\/\/verwoehnedeinefuesse.de\/wp-content\/uploads\/2024\/07\/IMG_20240527_132432-2-2048x1536.jpg 2048w, https:\/\/verwoehnedeinefuesse.de\/wp-content\/uploads\/2024\/07\/IMG_20240527_132432-2-16x12.jpg 16w\" sizes=\"auto, (max-width: 300px) 100vw, 300px\" \/><\/p>\n<p><strong>Erlebe eine auf dich abgestimmte medizinische Fu\u00dfpflege:<\/strong><\/p>\n<p>F\u00e4llt es dir schwer zu gehen, zu tanzen, zu laufen oder jede Aktivit\u00e4t auszuf\u00fchren, die deine F\u00fc\u00dfe beansprucht? Es ist m\u00f6glich, dass du \u00fcberm\u00e4\u00dfige Hornhaut, schmerzhafte H\u00fchneraugen, verdickte N\u00e4gel oder \u00e4hnliche Probleme behandeln musst.<\/p>\n<p>Erinnere dich an den weisen Rat von Benjamin Franklin:<\/p>\n<p>\u201eWas du heute kannst besorgen verschiebe nicht auf morgen\u201c.<\/p>\n<p>Die regelm\u00e4\u00dfige und rechtzeitige Pflege deiner F\u00fc\u00dfe verbessert nicht nur deine Lebensqualit\u00e4t, sondern verhindert auch zuk\u00fcnftige Komplikationen. Untersch\u00e4tze nicht die Wichtigkeit, deine F\u00fc\u00dfe rechtzeitig zu behandeln, um zu vermeiden, dass sich Probleme verschlimmern und sie unn\u00f6tige Beschwerden verursachen.<\/p>\n<p>Ignorierte und unbehandelte Probleme k\u00f6nnen zu Schmerzen und Unwohlsein f\u00fchren, deine F\u00e4higkeit zur k\u00f6rperlichen Bet\u00e4tigung einschr\u00e4nken und deine allgemeine Gesundheit beeintr\u00e4chtigen.<\/p>\n<p>Erlaube einer erfahrenen Fachkraft, deine F\u00fc\u00dfe zu verw\u00f6hnen.<\/p>\n<p><strong>Was beinhaltet eine medizinische Fu\u00dfpflege?<\/strong><\/p>\n<p>Sie beginnt mit einer feuchtigkeitsspendenden und desinfizierenden Packung, gefolgt von Schneiden, Feilen und Polieren der N\u00e4gel, Entfernen der Nagelhaut, Behandlung von Hornhaut und H\u00fchneraugen, Feilen und Polieren der Haut und abschlie\u00dfender Desinfektion.<\/p>\n<p>Anschlie\u00dfend wird eine feuchtigkeitsspendende, stimulierende oder beruhigende Creme (je nach Bedarf) mit einer kleinen Massage aufgetragen, um das umfassende Pflegeerlebnis f\u00fcr deine F\u00fc\u00dfe abzurunden.<\/p>\n<p>&nbsp;<\/p>\n<p><img loading=\"lazy\" decoding=\"async\" class=\"alignnone size-medium wp-image-422\" src=\"http:\/\/verwoehnedeinefuesse.de\/wp-content\/uploads\/2023\/08\/O7A3312-300x200.jpg\" alt=\"\" width=\"300\" height=\"200\" srcset=\"https:\/\/verwoehnedeinefuesse.de\/wp-content\/uploads\/2023\/08\/O7A3312-300x200.jpg 300w, https:\/\/verwoehnedeinefuesse.de\/wp-content\/uploads\/2023\/08\/O7A3312-1024x683.jpg 1024w, https:\/\/verwoehnedeinefuesse.de\/wp-content\/uploads\/2023\/08\/O7A3312-768x512.jpg 768w, https:\/\/verwoehnedeinefuesse.de\/wp-content\/uploads\/2023\/08\/O7A3312-1536x1024.jpg 1536w, https:\/\/verwoehnedeinefuesse.de\/wp-content\/uploads\/2023\/08\/O7A3312-2048x1365.jpg 2048w, https:\/\/verwoehnedeinefuesse.de\/wp-content\/uploads\/2023\/08\/O7A3312-18x12.jpg 18w\" sizes=\"auto, (max-width: 300px) 100vw, 300px\" \/><\/p>\n<p><strong>Entdecke die heilende Kraft der Fu\u00dfmassage:<\/strong><\/p>\n<p>Schenkst du deinen F\u00fc\u00dfen gen\u00fcgend Aufmerksamkeit?<\/p>\n<p>Schmerzen sie oft?<\/p>\n<p>H\u00e4ufig vernachl\u00e4ssigen wir unsere F\u00fc\u00dfe und vergessen, dass sie eine sehr wichtige Rolle f\u00fcr unser allgemeines Wohlbefinden spielen.<\/p>\n<p>Unsere F\u00fc\u00dfe enthalten tausende von Nervenenden, und aus diesem Grund lindert eine Fu\u00dfmassage nicht nur den Schmerz, sondern hat auch tiefgreifende Auswirkungen auf den gesamten K\u00f6rper, sowohl physisch als auch emotional.<\/p>\n<p>Zu den Vorteilen geh\u00f6ren:<\/p>\n<p>\u2022 Reduziert Stress, lindert Spannungen und Angstzust\u00e4nde.<\/p>\n<p>\u2022 Stimuliert die Lebensenergie und l\u00f6st emotionale Blockaden.<\/p>\n<p>\u2022 Verbessert die Blut- und Lymphzirkulation.<\/p>\n<p>\u2022 Hilft bei der Beseitigung von Giftstoffen aus dem K\u00f6rper.<\/p>\n<p>\u2022 Kann Schmerzlinderung bieten.<\/p>\n<p>\u2022 F\u00f6rdert das innere und \u00e4u\u00dfere Gleichgewicht.<\/p>\n<p>\u2022 Unterst\u00fctzt die nat\u00fcrlichen Selbstregulierungsprozesse.<\/p>\n<p>Die Fu\u00dfmassagen werden mit sanftem Druck und pr\u00e4zisen Bewegungen durchgef\u00fchrt, die darauf ausgelegt sind, in jeder Sitzung den maximalen Nutzen zu bringen. Sie sind niemals schmerzhaft. Obwohl in der Regel die F\u00fc\u00dfe massiert werden, da sie eine Vielzahl von Nervenenden besitzen, ist es auch m\u00f6glich, die H\u00e4nde und\/oder den Kopf zu behandeln, wenn du es bevorzugst oder ben\u00f6tigst. Jede Erfahrung kann nach deinen W\u00fcnschen personalisiert werden, sodass du dich in jedem Moment erneuert und umsorgt f\u00fchlst.<\/p>\n<p><strong>Denke daran: Eine Fu\u00df-, Hand- oder Kopfmassage ersetzt keine medizinische Behandlung, aber sie erg\u00e4nzt dein allgemeines Wohlbefinden.<\/strong><\/p>\n<p>G\u00f6nn dir diesen Moment der Pflege und der Verbindung mit deinem K\u00f6rper.<\/p>\n<p><img loading=\"lazy\" decoding=\"async\" class=\"alignnone size-medium wp-image-413\" src=\"http:\/\/verwoehnedeinefuesse.de\/wp-content\/uploads\/2023\/08\/O7A3325-300x200.jpg\" alt=\"\" width=\"300\" height=\"200\" srcset=\"https:\/\/verwoehnedeinefuesse.de\/wp-content\/uploads\/2023\/08\/O7A3325-300x200.jpg 300w, https:\/\/verwoehnedeinefuesse.de\/wp-content\/uploads\/2023\/08\/O7A3325-1024x683.jpg 1024w, https:\/\/verwoehnedeinefuesse.de\/wp-content\/uploads\/2023\/08\/O7A3325-768x512.jpg 768w, https:\/\/verwoehnedeinefuesse.de\/wp-content\/uploads\/2023\/08\/O7A3325-1536x1024.jpg 1536w, https:\/\/verwoehnedeinefuesse.de\/wp-content\/uploads\/2023\/08\/O7A3325-2048x1365.jpg 2048w, https:\/\/verwoehnedeinefuesse.de\/wp-content\/uploads\/2023\/08\/O7A3325-18x12.jpg 18w\" sizes=\"auto, (max-width: 300px) 100vw, 300px\" \/><img loading=\"lazy\" decoding=\"async\" class=\"alignnone size-medium wp-image-414\" src=\"http:\/\/verwoehnedeinefuesse.de\/wp-content\/uploads\/2023\/08\/O7A3338-300x200.jpg\" alt=\"\" width=\"300\" height=\"200\" srcset=\"https:\/\/verwoehnedeinefuesse.de\/wp-content\/uploads\/2023\/08\/O7A3338-300x200.jpg 300w, https:\/\/verwoehnedeinefuesse.de\/wp-content\/uploads\/2023\/08\/O7A3338-1024x683.jpg 1024w, https:\/\/verwoehnedeinefuesse.de\/wp-content\/uploads\/2023\/08\/O7A3338-768x512.jpg 768w, https:\/\/verwoehnedeinefuesse.de\/wp-content\/uploads\/2023\/08\/O7A3338-1536x1024.jpg 1536w, https:\/\/verwoehnedeinefuesse.de\/wp-content\/uploads\/2023\/08\/O7A3338-2048x1365.jpg 2048w, https:\/\/verwoehnedeinefuesse.de\/wp-content\/uploads\/2023\/08\/O7A3338-18x12.jpg 18w\" sizes=\"auto, (max-width: 300px) 100vw, 300px\" \/><\/p>\n<p>&nbsp;<\/p>\n<p><strong>Vorteile der Verwendung von \u00e4therischen \u00d6len:<\/strong><\/p>\n<p>\u00c4therische \u00d6le bieten nicht nur therapeutische Eigenschaften, sondern verwandeln deine Massageerfahrung in ein vollst\u00e4ndiges Wohlf\u00fchlritual.<\/p>\n<p>Durch die Integration von \u00e4therischen \u00d6len in die Massage verbesserst du nicht nur die Durchblutung und die Sauerstoffversorgung des Gewebes, sondern erlebst auch eine tiefe k\u00f6rperliche und emotionale Erleichterung.<\/p>\n<p>Jedes \u00d6l hat seine eigene Magie:<\/p>\n<p>Einige h\u00fcllen dich in einen Zustand tiefer Entspannung, beruhigen Geist und K\u00f6rper. Andere erfrischen und beleben, indem sie dir erneuerte Energie schenken. Dar\u00fcber hinaus bieten die \u00d6le, die zur Linderung von Muskelverspannungen und -schmerzen entwickelt wurden, wohltuenden Komfort und verbessern dein allgemeines Wohlbefinden.<\/p>\n<p>Die Aromatherapie f\u00fcgt ein zus\u00e4tzliches Gef\u00fchl der Gelassenheit hinzu:<\/p>\n<p>Durch das Einatmen der sanften und einh\u00fcllenden D\u00fcfte w\u00e4hrend der Massage hebst du dein emotionales und mentales Wohlbefinden auf ein neues Niveau und schaffst einen Raum der Ruhe und des Gleichgewichts.<\/p>\n<p>Schlie\u00dflich pflegen die \u00e4therischen \u00d6le die Haut deiner F\u00fc\u00dfe intensiv, sodass sie weich, hydratisiert und strahlend bleibt.<\/p>\n<p>Diese Kombination aus k\u00f6rperlicher und emotionaler Pflege verwandelt deine Massage in eine wahrhaft revitalisierende und regenerierende Erfahrung.<\/p>\n","protected":false},"excerpt":{"rendered":"<p>Erlebe eine auf dich abgestimmte medizinische Fu\u00dfpflege: F\u00e4llt es dir schwer zu gehen, zu tanzen, zu laufen oder jede Aktivit\u00e4t auszuf\u00fchren, die deine F\u00fc\u00dfe beansprucht? Es ist m\u00f6glich, dass du \u00fcberm\u00e4\u00dfige Hornhaut, schmerzhafte H\u00fchneraugen, verdickte N\u00e4gel oder \u00e4hnliche Probleme behandeln musst. Erinnere dich an den weisen Rat von Benjamin Franklin: \u201eWas du heute kannst besorgen &hellip; <\/p>\n<p class=\"link-more\"><a href=\"https:\/\/verwoehnedeinefuesse.de\/de\/therapien\/\" class=\"more-link\"><span class=\"screen-reader-text\">\u201eWellness\u201c <\/span>weiterlesen<\/a><\/p>\n","protected":false},"author":1,"featured_media":0,"parent":0,"menu_order":0,"comment_status":"closed","ping_status":"closed","template":"","meta":{"footnotes":""},"class_list":["post-2","page","type-page","status-publish","hentry"],"_links":{"self":[{"href":"https:\/\/verwoehnedeinefuesse.de\/de\/wp-json\/wp\/v2\/pages\/2","targetHints":{"allow":["GET"]}}],"collection":[{"href":"https:\/\/verwoehnedeinefuesse.de\/de\/wp-json\/wp\/v2\/pages"}],"about":[{"href":"https:\/\/verwoehnedeinefuesse.de\/de\/wp-json\/wp\/v2\/types\/page"}],"author":[{"embeddable":true,"href":"https:\/\/verwoehnedeinefuesse.de\/de\/wp-json\/wp\/v2\/users\/1"}],"replies":[{"embeddable":true,"href":"https:\/\/verwoehnedeinefuesse.de\/de\/wp-json\/wp\/v2\/comments?post=2"}],"version-history":[{"count":38,"href":"https:\/\/verwoehnedeinefuesse.de\/de\/wp-json\/wp\/v2\/pages\/2\/revisions"}],"predecessor-version":[{"id":455,"href":"https:\/\/verwoehnedeinefuesse.de\/de\/wp-json\/wp\/v2\/pages\/2\/revisions\/455"}],"wp:attachment":[{"href":"https:\/\/verwoehnedeinefuesse.de\/de\/wp-json\/wp\/v2\/media?parent=2"}],"curies":[{"name":"wp","href":"https:\/\/api.w.org\/{rel}","templated":true}]}}