{"id":33,"date":"2020-07-19T17:00:37","date_gmt":"2020-07-19T17:00:37","guid":{"rendered":"http:\/\/verwoehnedeinefuesse.de\/?page_id=33"},"modified":"2023-02-03T23:40:50","modified_gmt":"2023-02-03T22:40:50","slug":"aussage","status":"publish","type":"page","link":"https:\/\/verwoehnedeinefuesse.de\/de\/aussage\/","title":{"rendered":"Bewertungen"},"content":{"rendered":"<p>Elena G.<br \/>\n<img loading=\"lazy\" decoding=\"async\" class=\"size-full wp-image-275 alignright\" src=\"http:\/\/verwoehnedeinefuesse.de\/wp-content\/uploads\/2020\/08\/WhatsApp-Image-2020-08-28-at-20.17.05.jpeg\" alt=\"\" width=\"143\" height=\"181\" \/><br \/>\nDie Fu\u00dfmassage, die Aurora gibt, gef\u00e4llt mir sehr gut.<br \/>\nIch h\u00e4tte nie gedacht, dass sie so effektiv sein k\u00f6nnte, und das liegt an ihrem Wissen und vor allem an der besonderen Art und Weise, wie sie sich mit Menschen verbindet. Es ist ein Plus, das sie magisch macht.<br \/>\nAbsolut empfehlenswert!<\/p>\n<p>&nbsp;<\/p>\n<p>Lidia R.<br \/>\n<img loading=\"lazy\" decoding=\"async\" class=\"size-medium wp-image-264 alignright\" src=\"http:\/\/verwoehnedeinefuesse.de\/wp-content\/uploads\/2020\/08\/IMG_20190524_121457-225x300.jpg\" alt=\"\" width=\"191\" height=\"255\" srcset=\"https:\/\/verwoehnedeinefuesse.de\/wp-content\/uploads\/2020\/08\/IMG_20190524_121457-225x300.jpg 225w, https:\/\/verwoehnedeinefuesse.de\/wp-content\/uploads\/2020\/08\/IMG_20190524_121457-768x1024.jpg 768w, https:\/\/verwoehnedeinefuesse.de\/wp-content\/uploads\/2020\/08\/IMG_20190524_121457-1152x1536.jpg 1152w, https:\/\/verwoehnedeinefuesse.de\/wp-content\/uploads\/2020\/08\/IMG_20190524_121457-1536x2048.jpg 1536w, https:\/\/verwoehnedeinefuesse.de\/wp-content\/uploads\/2020\/08\/IMG_20190524_121457-scaled.jpg 1920w\" sizes=\"auto, (max-width: 191px) 100vw, 191px\" \/><br \/>\nMit Auroras Massagen habe ich das Gef\u00fchl, wieder bei mir zu sein. Manchmal beruhigt es mich, manchmal aktiviert es mich, je nachdem, in welchem Moment ich bin. Ich empfinde eine unglaubliche Liebe und Dankbarkeit, es ist ein Prozess, der bei allen Schwierigkeiten oder Gesundheitsproblemen hilft, die Sie vielleicht haben. Ihre Ausbildung ist die beste auf diesem Gebiet und sie arbeitet mit Hingabe und Liebe&#8230; Ich kann diese Therapie und diesen gro\u00dfartigen Fachmann nur w\u00e4rmstens empfehlen.<\/p>\n<p>&nbsp;<\/p>\n<p>Marcial R.<br \/>\n<img loading=\"lazy\" decoding=\"async\" class=\"size-medium wp-image-255 alignright\" src=\"http:\/\/verwoehnedeinefuesse.de\/wp-content\/uploads\/2020\/08\/marcial-271x300.jpg\" alt=\"\" width=\"230\" height=\"255\" srcset=\"https:\/\/verwoehnedeinefuesse.de\/wp-content\/uploads\/2020\/08\/marcial-271x300.jpg 271w, https:\/\/verwoehnedeinefuesse.de\/wp-content\/uploads\/2020\/08\/marcial.jpg 681w\" sizes=\"auto, (max-width: 230px) 100vw, 230px\" \/><br \/>\nWenn Sie eine Art Massage brauchen, versuchen Sie es mit Aurora. Ich finde es gro\u00dfartig, und sie ist eine Person, die ihre Arbeit liebt. Wirklich, Sie werden das Gef\u00fchl haben, dass sie Ihnen gewidmet ist und Sie sich so viel besser f\u00fchlen. Daran besteht kein Zweifel.<\/p>\n<p>&nbsp;<\/p>\n<p>&nbsp;<\/p>\n<p>&nbsp;<\/p>\n<p>Kike P.<br \/>\n<img loading=\"lazy\" decoding=\"async\" class=\"size-medium wp-image-256 alignright\" src=\"http:\/\/verwoehnedeinefuesse.de\/wp-content\/uploads\/2020\/08\/WhatsApp-Image-2020-08-23-at-19.26.22-145x300.jpeg\" alt=\"\" width=\"145\" height=\"300\" srcset=\"https:\/\/verwoehnedeinefuesse.de\/wp-content\/uploads\/2020\/08\/WhatsApp-Image-2020-08-23-at-19.26.22-145x300.jpeg 145w, https:\/\/verwoehnedeinefuesse.de\/wp-content\/uploads\/2020\/08\/WhatsApp-Image-2020-08-23-at-19.26.22-496x1024.jpeg 496w, https:\/\/verwoehnedeinefuesse.de\/wp-content\/uploads\/2020\/08\/WhatsApp-Image-2020-08-23-at-19.26.22-768x1587.jpeg 768w, https:\/\/verwoehnedeinefuesse.de\/wp-content\/uploads\/2020\/08\/WhatsApp-Image-2020-08-23-at-19.26.22-743x1536.jpeg 743w, https:\/\/verwoehnedeinefuesse.de\/wp-content\/uploads\/2020\/08\/WhatsApp-Image-2020-08-23-at-19.26.22.jpeg 968w\" sizes=\"auto, (max-width: 145px) 100vw, 145px\" \/><br \/>\nIch kannte die Welt der Fu\u00dfmassagen nicht. Ich hatte meinen K\u00f6rper viel massiert, daher kannte ich mich mit der Technik der Massage aus. Das Vergn\u00fcgen, die F\u00fc\u00dfe massiert zu f\u00fchlen, ist sehr angenehm, entspannend, man nimmt Empfindungen wahr, die man vorher nicht kannte, und man entdeckt sogar, wie sich ber\u00fchrende Bereiche unserer F\u00fc\u00dfe andere Bereiche unseres K\u00f6rpers stimulieren. F\u00fcr mich war es eine bereichernde Entdeckung, sehr befriedigend und den H\u00e4nden von Aurora sehr dankbar, dass sie wussten, wie ich in meinen F\u00fc\u00dfen den Weg zur Entspannung von &#8222;K\u00f6rper-Geist&#8220; finden kann.<\/p>\n<p>&nbsp;<\/p>\n<p>Rima<br \/>\n<img loading=\"lazy\" decoding=\"async\" class=\"size-medium wp-image-282 alignright\" src=\"http:\/\/verwoehnedeinefuesse.de\/wp-content\/uploads\/2020\/09\/WhatsApp-Image-2020-09-02-at-16.43.12-187x300.jpeg\" alt=\"\" width=\"187\" height=\"300\" srcset=\"https:\/\/verwoehnedeinefuesse.de\/wp-content\/uploads\/2020\/09\/WhatsApp-Image-2020-09-02-at-16.43.12-187x300.jpeg 187w, https:\/\/verwoehnedeinefuesse.de\/wp-content\/uploads\/2020\/09\/WhatsApp-Image-2020-09-02-at-16.43.12.jpeg 413w\" sizes=\"auto, (max-width: 187px) 100vw, 187px\" \/><\/p>\n<p>Ich habe 10 Sitzungen mit Aurora gemacht, ich bin \u00fcberrascht, wie effektiv die Massage allein durch den Druck der Finger sein kann, zus\u00e4tzlich wird sie mit Essenzen von weichen und angenehmen D\u00fcften durchgef\u00fchrt, die ein angenehmeres Gef\u00fchl von tiefer Ruhe und Entspannung hervorrufen. Der K\u00f6rper f\u00fchlt sich im Gleichgewicht und mit einem Gef\u00fchl des Wohlbefindens auf allen Ebenen &#8211; gro\u00dfartig als professionelle und als pers\u00f6nliche 10 &#8211; unschlagbare Behandlung! Ich w\u00fcrde nicht z\u00f6gern, Sie allen zu empfehlen und w\u00fcrde Ihre Dienste sicher wieder in Anspruch nehmen.<\/p>\n<p>&nbsp;<\/p>\n<p>Bettina S.<\/p>\n<p>Als ich zum ersten Mal eine Fu\u00dfmassage von Aurora erhielt, war ich sehr aufgeregt. Ich kam auf Empfehlung eines Freundes und fand die Massage sehr entspannend. Wenn ich das n\u00e4chste Mal in Freiburg im Breisgau bin, werde ich mich auf jeden Fall wieder eine entspannende Massage belohnen.<\/p>\n","protected":false},"excerpt":{"rendered":"<p>Elena G. Die Fu\u00dfmassage, die Aurora gibt, gef\u00e4llt mir sehr gut. Ich h\u00e4tte nie gedacht, dass sie so effektiv sein k\u00f6nnte, und das liegt an ihrem Wissen und vor allem an der besonderen Art und Weise, wie sie sich mit Menschen verbindet. Es ist ein Plus, das sie magisch macht. Absolut empfehlenswert! &nbsp; Lidia R. &hellip; <\/p>\n<p class=\"link-more\"><a href=\"https:\/\/verwoehnedeinefuesse.de\/de\/aussage\/\" class=\"more-link\"><span class=\"screen-reader-text\">\u201eBewertungen\u201c <\/span>weiterlesen<\/a><\/p>\n","protected":false},"author":1,"featured_media":0,"parent":0,"menu_order":0,"comment_status":"closed","ping_status":"closed","template":"","meta":{"footnotes":""},"class_list":["post-33","page","type-page","status-publish","hentry"],"_links":{"self":[{"href":"https:\/\/verwoehnedeinefuesse.de\/de\/wp-json\/wp\/v2\/pages\/33","targetHints":{"allow":["GET"]}}],"collection":[{"href":"https:\/\/verwoehnedeinefuesse.de\/de\/wp-json\/wp\/v2\/pages"}],"about":[{"href":"https:\/\/verwoehnedeinefuesse.de\/de\/wp-json\/wp\/v2\/types\/page"}],"author":[{"embeddable":true,"href":"https:\/\/verwoehnedeinefuesse.de\/de\/wp-json\/wp\/v2\/users\/1"}],"replies":[{"embeddable":true,"href":"https:\/\/verwoehnedeinefuesse.de\/de\/wp-json\/wp\/v2\/comments?post=33"}],"version-history":[{"count":19,"href":"https:\/\/verwoehnedeinefuesse.de\/de\/wp-json\/wp\/v2\/pages\/33\/revisions"}],"predecessor-version":[{"id":382,"href":"https:\/\/verwoehnedeinefuesse.de\/de\/wp-json\/wp\/v2\/pages\/33\/revisions\/382"}],"wp:attachment":[{"href":"https:\/\/verwoehnedeinefuesse.de\/de\/wp-json\/wp\/v2\/media?parent=33"}],"curies":[{"name":"wp","href":"https:\/\/api.w.org\/{rel}","templated":true}]}}