{"id":25,"date":"2020-07-19T17:00:37","date_gmt":"2020-07-19T17:00:37","guid":{"rendered":"http:\/\/verwoehnedeinefuesse.de\/?page_id=25"},"modified":"2024-07-15T23:06:35","modified_gmt":"2024-07-15T22:06:35","slug":"kontakt","status":"publish","type":"page","link":"https:\/\/verwoehnedeinefuesse.de\/es\/kontakt\/","title":{"rendered":"Contacto"},"content":{"rendered":"<p>Para concertar una cita, puedes llamarme o enviar un WhatsApp al <strong>(+49) 15258199713 <\/strong>. Si deseas m\u00e1s informaci\u00f3n, puedes contactarme enviando un correo electr\u00f3nico a<strong> aurora ( at ) verwoehnedeinefuesse.de <\/strong>.<\/p>\n<p>Estar\u00e9 encantada de ayudarte.<\/p>\n<p>Citas solo con cita previa.<\/p>\n<p>Me encontrar\u00e1s en <strong>Rieselfeldallee 12, 4.OG<\/strong>\u00a0en\u00a0<strong>79111 Freiburg im Breisgau.<\/strong><\/p>","protected":false},"excerpt":{"rendered":"<p>Um einen Termin zu vereinbaren, kannst du mich anrufen oder eine WhatsApp an (+49) 15258199713 senden. Wenn du weitere informationen w\u00fcnschst, kannst du mich per e-mail unter aurora ( at ) verwoehnedeinefuesse.de kontaktieren. Ich helfe dir dann gerne weiter. Termine nur nach Vereinbarung. Du findest mich in Rieselfeldallee 12, 4.OG\u00a0in\u00a079111 Freiburg im Breisgau.<\/p>","protected":false},"author":1,"featured_media":0,"parent":0,"menu_order":0,"comment_status":"closed","ping_status":"closed","template":"","meta":{"footnotes":""},"class_list":["post-25","page","type-page","status-publish","hentry"],"_links":{"self":[{"href":"https:\/\/verwoehnedeinefuesse.de\/es\/wp-json\/wp\/v2\/pages\/25","targetHints":{"allow":["GET"]}}],"collection":[{"href":"https:\/\/verwoehnedeinefuesse.de\/es\/wp-json\/wp\/v2\/pages"}],"about":[{"href":"https:\/\/verwoehnedeinefuesse.de\/es\/wp-json\/wp\/v2\/types\/page"}],"author":[{"embeddable":true,"href":"https:\/\/verwoehnedeinefuesse.de\/es\/wp-json\/wp\/v2\/users\/1"}],"replies":[{"embeddable":true,"href":"https:\/\/verwoehnedeinefuesse.de\/es\/wp-json\/wp\/v2\/comments?post=25"}],"version-history":[{"count":17,"href":"https:\/\/verwoehnedeinefuesse.de\/es\/wp-json\/wp\/v2\/pages\/25\/revisions"}],"predecessor-version":[{"id":462,"href":"https:\/\/verwoehnedeinefuesse.de\/es\/wp-json\/wp\/v2\/pages\/25\/revisions\/462"}],"wp:attachment":[{"href":"https:\/\/verwoehnedeinefuesse.de\/es\/wp-json\/wp\/v2\/media?parent=25"}],"curies":[{"name":"wp","href":"https:\/\/api.w.org\/{rel}","templated":true}]}}