{"id":33,"date":"2020-07-19T17:00:37","date_gmt":"2020-07-19T17:00:37","guid":{"rendered":"http:\/\/verwoehnedeinefuesse.de\/?page_id=33"},"modified":"2023-02-03T23:40:50","modified_gmt":"2023-02-03T22:40:50","slug":"aussage","status":"publish","type":"page","link":"https:\/\/verwoehnedeinefuesse.de\/es\/aussage\/","title":{"rendered":"Opiniones"},"content":{"rendered":"<p class=\"translation-block\">Elena G.<br><br>\n<img class=\"size-full wp-image-275 alignright\" src=\"http:\/\/verwoehnedeinefuesse.de\/wp-content\/uploads\/2020\/08\/WhatsApp-Image-2020-08-28-at-20.17.05.jpeg\" alt=\"\" width=\"143\" height=\"181\">\nMe gusta mucho el masaje de pies que da Aurora.\nNunca pens\u00e9 que pudiera ser tan efectivo, y esto se debe a su conocimiento y especialmente a la forma especial en que se conecta con la gente. Es una ventaja que la hace m\u00e1gica.\n\u00a1Absolutamente recomendable!<\/p>\n<p>&nbsp;<\/p>\n<p>Lidia R.<br \/>\n<img loading=\"lazy\" decoding=\"async\" class=\"size-medium wp-image-264 alignright\" src=\"http:\/\/verwoehnedeinefuesse.de\/wp-content\/uploads\/2020\/08\/IMG_20190524_121457-225x300.jpg\" alt=\"\" width=\"191\" height=\"255\" srcset=\"https:\/\/verwoehnedeinefuesse.de\/wp-content\/uploads\/2020\/08\/IMG_20190524_121457-225x300.jpg 225w, https:\/\/verwoehnedeinefuesse.de\/wp-content\/uploads\/2020\/08\/IMG_20190524_121457-768x1024.jpg 768w, https:\/\/verwoehnedeinefuesse.de\/wp-content\/uploads\/2020\/08\/IMG_20190524_121457-1152x1536.jpg 1152w, https:\/\/verwoehnedeinefuesse.de\/wp-content\/uploads\/2020\/08\/IMG_20190524_121457-1536x2048.jpg 1536w, https:\/\/verwoehnedeinefuesse.de\/wp-content\/uploads\/2020\/08\/IMG_20190524_121457-scaled.jpg 1920w\" sizes=\"auto, (max-width: 191px) 100vw, 191px\" \/><br \/>\nCon los masajes de Aurora tengo la sensaci\u00f3n de estar de vuelta conmigo mismo. A veces me calma, a veces me activa dependiendo del momento en que estoy. Siento un amor y una gratitud incre\u00edbles, es un proceso que ayuda con cualquier dificultad o problema de salud que puedas tener. Su entrenamiento es el mejor en este \u00e1mbito y trabaja con dedicaci\u00f3n y amor. Puedo recomendar esta terapia y a esta gran profesional.<\/p>\n<p>&nbsp;<\/p>\n<p>Marcial R.<br \/>\n<img loading=\"lazy\" decoding=\"async\" class=\"size-medium wp-image-255 alignright\" src=\"http:\/\/verwoehnedeinefuesse.de\/wp-content\/uploads\/2020\/08\/marcial-271x300.jpg\" alt=\"\" width=\"230\" height=\"255\" srcset=\"https:\/\/verwoehnedeinefuesse.de\/wp-content\/uploads\/2020\/08\/marcial-271x300.jpg 271w, https:\/\/verwoehnedeinefuesse.de\/wp-content\/uploads\/2020\/08\/marcial.jpg 681w\" sizes=\"auto, (max-width: 230px) 100vw, 230px\" \/><br \/>\nSi necesitas alg\u00fan tipo de masaje, prueba con Aurora. Creo que es genial y que es una persona que ama su trabajo. Realmente, sentir\u00e1s que ella est\u00e1 dedicada a ti y te sentir\u00e1s mucho mejor. No hay ninguna duda al respecto.<\/p>\n<p>&nbsp;<\/p>\n<p>&nbsp;<\/p>\n<p>&nbsp;<\/p>\n<p>Kike P.<br \/>\n<img loading=\"lazy\" decoding=\"async\" class=\"size-medium wp-image-256 alignright\" src=\"http:\/\/verwoehnedeinefuesse.de\/wp-content\/uploads\/2020\/08\/WhatsApp-Image-2020-08-23-at-19.26.22-145x300.jpeg\" alt=\"\" width=\"145\" height=\"300\" srcset=\"https:\/\/verwoehnedeinefuesse.de\/wp-content\/uploads\/2020\/08\/WhatsApp-Image-2020-08-23-at-19.26.22-145x300.jpeg 145w, https:\/\/verwoehnedeinefuesse.de\/wp-content\/uploads\/2020\/08\/WhatsApp-Image-2020-08-23-at-19.26.22-496x1024.jpeg 496w, https:\/\/verwoehnedeinefuesse.de\/wp-content\/uploads\/2020\/08\/WhatsApp-Image-2020-08-23-at-19.26.22-768x1587.jpeg 768w, https:\/\/verwoehnedeinefuesse.de\/wp-content\/uploads\/2020\/08\/WhatsApp-Image-2020-08-23-at-19.26.22-743x1536.jpeg 743w, https:\/\/verwoehnedeinefuesse.de\/wp-content\/uploads\/2020\/08\/WhatsApp-Image-2020-08-23-at-19.26.22.jpeg 968w\" sizes=\"auto, (max-width: 145px) 100vw, 145px\" \/><br \/>\nNo conoc\u00eda el mundo de los masajes de pies. Me hab\u00eda dado muchos masajes en el cuerpo, as\u00ed que conoc\u00eda la t\u00e9cnica del masaje. El placer de sentir los pies masajeados es muy agradable, relajante, se perciben sensaciones que no conoc\u00edas antes, e incluso descubres c\u00f3mo las zonas de nuestros pies que se tocan estimulan otras zonas de nuestro cuerpo. Para m\u00ed fue un descubrimiento enriquecedor, muy satisfactorio y muy agradecido a las manos de Aurora por saber encontrar en mis pies la forma de relajar \"cuerpo-mente\".<\/p>\n<p>&nbsp;<\/p>\n<p>Rima<br \/>\n<img loading=\"lazy\" decoding=\"async\" class=\"size-medium wp-image-282 alignright\" src=\"http:\/\/verwoehnedeinefuesse.de\/wp-content\/uploads\/2020\/09\/WhatsApp-Image-2020-09-02-at-16.43.12-187x300.jpeg\" alt=\"\" width=\"187\" height=\"300\" srcset=\"https:\/\/verwoehnedeinefuesse.de\/wp-content\/uploads\/2020\/09\/WhatsApp-Image-2020-09-02-at-16.43.12-187x300.jpeg 187w, https:\/\/verwoehnedeinefuesse.de\/wp-content\/uploads\/2020\/09\/WhatsApp-Image-2020-09-02-at-16.43.12.jpeg 413w\" sizes=\"auto, (max-width: 187px) 100vw, 187px\" \/><\/p>\n<p>He hecho 10 sesiones con Aurora, estoy sorprendida lo eficaz que puede llegar a ser el masaje solo con las presiones con los dedos, adem\u00e1s, se realiza con esencias de olores suaves y agradables que provoca una sensaci\u00f3n m\u00e1s agradable de profundo descanso y relajaci\u00f3n. El cuerpo se siente en equilibrio y con una sensaci\u00f3n de bienestar a todos los niveles. \u00a1Fenomenal un 10 como profesional y en lo personal - un trato inmejorable! No dudar\u00eda en recomendarle a todo el mundo y desde luego volver\u00eda a contratarle sus servicios.<\/p>\n<p>&nbsp;<\/p>\n<p>Bettina S.<\/p>\n<p>Cuando recib\u00ed un masaje de pies de Aurora, estaba muy emocionada. Vine por recomendaci\u00f3n de un amigo y encontr\u00e9 el masaje muy relajante. La pr\u00f3xima vez que est\u00e9 en Freiburg im Breisgau, definitivamente me regalar\u00e9 de nuevo un masaje relajante en mis pies.<\/p>","protected":false},"excerpt":{"rendered":"<p>Elena G. Die Fu\u00dfmassage, die Aurora gibt, gef\u00e4llt mir sehr gut. Ich h\u00e4tte nie gedacht, dass sie so effektiv sein k\u00f6nnte, und das liegt an ihrem Wissen und vor allem an der besonderen Art und Weise, wie sie sich mit Menschen verbindet. Es ist ein Plus, das sie magisch macht. Absolut empfehlenswert! &nbsp; Lidia R. &hellip; <\/p>\n<p class=\"link-more\"><a href=\"https:\/\/verwoehnedeinefuesse.de\/es\/aussage\/\" class=\"more-link\">Continuar leyendo<span class=\"screen-reader-text\"> &#8222;Bewertungen&#8220;<\/span><\/a><\/p>","protected":false},"author":1,"featured_media":0,"parent":0,"menu_order":0,"comment_status":"closed","ping_status":"closed","template":"","meta":{"footnotes":""},"class_list":["post-33","page","type-page","status-publish","hentry"],"_links":{"self":[{"href":"https:\/\/verwoehnedeinefuesse.de\/es\/wp-json\/wp\/v2\/pages\/33","targetHints":{"allow":["GET"]}}],"collection":[{"href":"https:\/\/verwoehnedeinefuesse.de\/es\/wp-json\/wp\/v2\/pages"}],"about":[{"href":"https:\/\/verwoehnedeinefuesse.de\/es\/wp-json\/wp\/v2\/types\/page"}],"author":[{"embeddable":true,"href":"https:\/\/verwoehnedeinefuesse.de\/es\/wp-json\/wp\/v2\/users\/1"}],"replies":[{"embeddable":true,"href":"https:\/\/verwoehnedeinefuesse.de\/es\/wp-json\/wp\/v2\/comments?post=33"}],"version-history":[{"count":19,"href":"https:\/\/verwoehnedeinefuesse.de\/es\/wp-json\/wp\/v2\/pages\/33\/revisions"}],"predecessor-version":[{"id":382,"href":"https:\/\/verwoehnedeinefuesse.de\/es\/wp-json\/wp\/v2\/pages\/33\/revisions\/382"}],"wp:attachment":[{"href":"https:\/\/verwoehnedeinefuesse.de\/es\/wp-json\/wp\/v2\/media?parent=33"}],"curies":[{"name":"wp","href":"https:\/\/api.w.org\/{rel}","templated":true}]}}